{"id":1332,"date":"2022-07-04T11:06:30","date_gmt":"2022-07-04T09:06:30","guid":{"rendered":"https:\/\/www.der-schnapsladen.com\/eae\/?page_id=1332"},"modified":"2025-02-25T22:36:30","modified_gmt":"2025-02-25T21:36:30","slug":"impressum","status":"publish","type":"page","link":"https:\/\/www.testevita.com\/stoeckl\/impressum\/","title":{"rendered":"Impressum"},"content":{"rendered":"\t\t<div data-elementor-type=\"wp-page\" data-elementor-id=\"1332\" class=\"elementor elementor-1332\" data-elementor-post-type=\"page\">\n\t\t\t\t\t\t<section class=\"elementor-section elementor-top-section elementor-element elementor-element-f3fce14 elementor-section-boxed elementor-section-height-default elementor-section-height-default sc_fly_static\" data-id=\"f3fce14\" data-element_type=\"section\" data-settings=\"{&quot;background_background&quot;:&quot;classic&quot;}\">\n\t\t\t\t\t\t<div class=\"elementor-container elementor-column-gap-extended\">\n\t\t\t\t\t<div class=\"elementor-column elementor-col-100 elementor-top-column elementor-element elementor-element-add5e03 sc_inner_width_none sc_content_align_inherit sc_layouts_column_icons_position_left sc_fly_static\" data-id=\"add5e03\" data-element_type=\"column\">\n\t\t\t<div class=\"elementor-widget-wrap elementor-element-populated\">\n\t\t\t\t\t\t<div class=\"elementor-element elementor-element-2a7b1a2 sc_fly_static elementor-widget elementor-widget-heading\" data-id=\"2a7b1a2\" data-element_type=\"widget\" data-settings=\"{&quot;ekit_we_effect_on&quot;:&quot;none&quot;}\" data-widget_type=\"heading.default\">\n\t\t\t\t<div class=\"elementor-widget-container\">\n\t\t\t\t\t<h2 class=\"elementor-heading-title elementor-size-default\">Impressum<\/h2>\t\t\t\t<\/div>\n\t\t\t\t<\/div>\n\t\t\t\t<div class=\"elementor-element elementor-element-8cd4bfa sc_fly_static elementor-widget elementor-widget-text-editor\" data-id=\"8cd4bfa\" data-element_type=\"widget\" data-settings=\"{&quot;ekit_we_effect_on&quot;:&quot;none&quot;}\" data-widget_type=\"text-editor.default\">\n\t\t\t\t<div class=\"elementor-widget-container\">\n\t\t\t\t\t\t\t\t\t<p><strong>Informationseigent\u00fcmer:<\/strong><br \/>EAE St\u00f6ckl Elektroanlagen-Elektrifizierungsgesellschaft m.b.H.<\/p><p><strong>Kontakt:<\/strong><br \/>EAE St\u00f6ckl Elektroanlagen-Elektrifizierungsgesellschaft m.b.H.<br \/>Griesauweg 30, A-6020 Innsbruck<br \/>Tel: +43 512 33550 \u2013 0<br \/>Fax: +43 512 33550 \u2013 20<br \/>E-Mail:\u00a0<a href=\"mailto:office@eae.at\">office@eae.at<\/a><\/p><p>Firmenbuchgericht: Landesgericht Innsbruck<br \/>Firmenbuchnummer: 303586a<br \/>UID-Nr.: ATU63918318<br \/>Gesch\u00e4ftsf\u00fchrender Gesellschafter: KR Ing. Andreas St\u00f6ckl<\/p><p>Bankverbindungen:<br \/>Tiroler Sparkasse Bank AG: IBAN AT71 2050 3033 0035 4317<br \/>Bank f\u00fcr Tirol und Vorarlberg AG: IBAN AT25 1600 0001 0052 2551<br \/>Raiffeisen Landesbank Tirol (RLB): IBAN AT40 3600 0000 0074 0134<\/p><p><strong><br \/>Konzept &amp; Design:<\/strong><br \/>EVITA Marketing<br \/>Maria-Theresien-Stra\u00dfe 7<br \/>A-6020 Innsbruck<br \/><a href=\"https:\/\/www.evita.agency\/\">www.evita.agency<\/a><\/p><p><strong>Bildnachweis:<\/strong><br \/>EVITA Marketing, EAE St\u00f6ckl Elektroanlagen-Elektrifizierungsgesellschaft m.b.H., pixabay<\/p><p>F\u00fcr Streitigkeiten in Zusammenhang mit dieser Website ist das Landesgericht Innsbruck zust\u00e4ndig.<br \/>Es gilt materielles \u00f6sterreichisches Recht unter Ausschluss des UN-Kaufrechtes.<\/p><p>Diese Website wird zur Verf\u00fcgung gestellt, um allgemeine Informationen \u00fcber die EAE St\u00f6ckl\u00a0 Elektroanlagen-Elektrifizierungsgesellschaft m.b.H. und deren Produkte zu geben. Mit Website sind s\u00e4mtliche Inhalte gemeint, die unter dem URL\u00a0 www.eae.at oder einem darauf basierenden URL (https:\/\/www.eae.at\/\u2026.) angezeigt werden.<\/p><p>Der Benutzer der Website anerkennt, dass der Gebrauch der Website sowie der Gebrauch der damit verbundenen Seiten ausschlie\u00dflich auf seine Gefahr hin erfolgt und dass weder die EAE St\u00f6ckl\u00a0 Elektroanlagen-Elektrifizierungsgesellschaft m.b.H. noch eine andere Partei, die an der Erstellung der Website beteiligt ist, f\u00fcr direkte, indirekte oder Folgesch\u00e4den jeglicher Art eine Haftung \u00fcbernehmen.<\/p><p>EAE St\u00f6ckl\u00a0Elektroanlagen-Elektrifizierungsgesellschaft m.b.H. hat alle zumutbaren Anstrengungen unternommen, um korrekte und aktuelle Informationen zu geben. Jede Haftung f\u00fcr die Vollst\u00e4ndigkeit, Aktualit\u00e4t, Rechtm\u00e4\u00dfigkeit und Richtigkeit der Informationen und der sonstigen Inhalte auf diesen Seiten, wird ausgeschlossen.<\/p><p>Links auf dieser Website sind bis auf Widerruf gestattet, soweit sie als externe Links gef\u00fchrt werden und jeweils ganze Seiten (inkl. Navigationsframe) wiedergegeben werden. Eine \u00dcbernahme des Hauptfensters in einen Frame des Linksetzers ist ebenso unzul\u00e4ssig wie Deep Links. Der Linksetzer hat EAE St\u00f6ckl\u00a0 Elektroanlagen-Elektrifizierungsgesellschaft m.b.H. umgehend \u00fcber den von ihm gesetzten Link zu informieren. \u00dcber Verlangen der\u00a0 EAE St\u00f6ckl\u00a0Elektroanlagen-Elektrifizierungsgesellschaft m.b.H. sind Links auf diese Website sofort, dauerhaft und vollst\u00e4ndig zu entfernen.<\/p><p>Eigene Links auf fremden Seiten stellen nur Wegweiser zu diesen Seiten dar; sie werden deshalb regelm\u00e4\u00dfig mittels externem Link\u00a0 in einem eigenen Browserfenster dargestellt. Da EAE St\u00f6ckl\u00a0 Elektroanlagen-Elektrifizierungsgesellschaft m.b.H. keinerlei Einfluss auf den Inhalt dieser\u00a0 fremden Seiten hat, ist auch jedwede Haftung f\u00fcr die Vollst\u00e4ndigkeit, Aktualit\u00e4t, Rechtm\u00e4\u00dfigkeit und Richtigkeit der Informationen auf diesen Seiten ausgeschlossen. Dasselbe gilt f\u00fcr Websites, die auf diese Website verweisen.<\/p><p>Alle Informationen auf dieser Website (z.B. Texte, Grafiken und Bilder) sind Eigentum der EAE St\u00f6ckl\u00a0 Elektroanlagen-Elektrifizierungsgesellschaft m.b.H.\u00a0 Jede Verwendung dieser Informationen ohne vorheriges schriftliches Einverst\u00e4ndnis der EAE St\u00f6ckl\u00a0Elektroanlagen-Elektrifizierungsgesellschaft m.b.H. ist untersagt. Alle Produktnamen sind, soweit nicht anders gekennzeichnet, gesch\u00fctzte Marken der EAE St\u00f6ckl Elektroanlagen-Elektrifizierungsgesellschaft m.b.H . oder mit ihr verbundener Unternehmen.<\/p><p>Diese Website enth\u00e4lt kein Angebot auch keine sonstige Willenserkl\u00e4rung der EAE St\u00f6ckl Elektroanlagen-Elektrifizierungsgesellschaft m.b.H. Die Inhalte dieser Website sind nicht als Laienwerbung f\u00fcr Produkte gedacht und stellen auch keine solche Laienwerbung dar.<\/p><p>Die EAE St\u00f6ckl Elektroanlagen-Elektrifizierungsgesellschaft m.b.H beh\u00e4lt sich das Recht vor, den Inhalt dieser Website ohne vorherige Bekanntgabe zu \u00e4ndern. F\u00fcr etwaige Konsequenzen solcher \u00c4nderungen wird keinerlei Verantwortung \u00fcbernommen und jede Haftung abgelehnt.<\/p><p>EAE St\u00f6ckl\u00a0Elektroanlagen-Elektrifizierungsgesellschaft m.b.H verwendet die auf dieser Website eingegebenen Daten unter Einhaltung allgemeiner Richtlinien und g\u00fcltiger Regularien zur Auftragsbearbeitung und zur Beantwortung Ihrer Fragen. Ihre personenbezogenen Daten werden absolut vertraulich behandelt und nur nach Ihrer Zustimmung oder sofern gesetzliche Bestimmungen dies erfordern weitergegeben.<\/p><p>Diese Website benutzt Google Analytics, einen Webanalysedienst der Google Inc. (Google) Google Analytics verwendet sog. Cookies, Textdateien, die auf Ihrem Computer gespeichert werden und die eine Analyse der Benutzung der Website durch Sie erm\u00f6glicht. Die durch den Cookie erzeugten Informationen \u00fcber Ihre Benutzung dieser Website (einschlie\u00dflich Ihrer IP-Adresse) werden an einen Server von Google in den USA \u00fcbertragen und dort gespeichert. Google wird diese Informationen benutzen, um Ihre Nutzung der Website auszuwerten, um Reports \u00fcber die Websiteaktivit\u00e4ten f\u00fcr die Websitebetreiber zusammenzustellen und um weitere mit der Websitenutzung und der Internetnutzung verbundene Dienstleistungen zu erbringen. Auch wird Google diese Informationen gegebenenfalls an Dritte \u00fcbertragen, sofern dies gesetzlich vorgeschrieben ist oder soweit Dritte diese Daten im Auftrag von Google verarbeiten. Google wird in keinem Fall Ihre IP-Adresse mit anderen Daten der Google Inc. in Verbindung bringen. Sie k\u00f6nnen die Installation der Cookies durch eine entsprechende Einstellung Ihrer Browser Software verhindern; wir weisen Sie jedoch darauf hin, dass Sie in diesem Fall gegebenenfalls nicht s\u00e4mtliche Funktionen dieser Website voll umf\u00e4nglich nutzen k\u00f6nnen. Sie k\u00f6nnen dar\u00fcber hinaus die Erfassung der durch das Cookie erzeugten und auf ihre Nutzung der Website bezogenen Daten (inkl. Ihrer IP-Adresse) an Google sowie die Verarbeitung dieser Daten durch Google verhindern, indem Sie das unter dem folgenden Link verf\u00fcgbare Browser-Plug-In herunterladen und installieren:\u00a0<a href=\"https:\/\/tools.google.com\/dlpage\/gaoptout\" target=\"_blank\" rel=\"noreferrer noopener\">tools.google.com\/dlpage\/gaoptout<\/a>. Durch die Nutzung dieser Website erkl\u00e4ren Sie sich mit der Bearbeitung der \u00fcber Sie erhobenen Daten durch Google in der zuvor beschriebenen Art und Weise und zu dem zuvor benannten Zweck einverstanden.<\/p><p>\u00a9 EAE St\u00f6ckl Elektroanlagen-Elektrifizierungsgesellschaft m.b.H, A-6020 Innsbruck, Austria\/Europe<\/p><p>Firmendaten lt. ECG unter:\u00a0<a href=\"https:\/\/www.wko.at\/\" target=\"_blank\" rel=\"noreferrer noopener\">www.wko.at<\/a><br \/>[Firmen A-Z: Firma = EAE St\u00f6ckl\u00a0Elektroanlagen-Elektrifizierungsgesellschaft m.b.H.]<\/p>\t\t\t\t\t\t\t\t<\/div>\n\t\t\t\t<\/div>\n\t\t\t\t\t<\/div>\n\t\t<\/div>\n\t\t\t\t\t<\/div>\n\t\t<\/section>\n\t\t\t\t<\/div>\n\t\t","protected":false},"excerpt":{"rendered":"<p>Impressum Informationseigent\u00fcmer:EAE St\u00f6ckl Elektroanlagen-Elektrifizierungsgesellschaft m.b.H. Kontakt:EAE St\u00f6ckl Elektroanlagen-Elektrifizierungsgesellschaft m.b.H.Griesauweg 30, A-6020 InnsbruckTel: +43 512 33550 \u2013 0Fax: +43 512 33550 \u2013 20E-Mail:\u00a0office@eae.at Firmenbuchgericht: Landesgericht InnsbruckFirmenbuchnummer: 303586aUID-Nr.: ATU63918318Gesch\u00e4ftsf\u00fchrender Gesellschafter: KR Ing.&hellip;<\/p>\n","protected":false},"author":1,"featured_media":0,"parent":0,"menu_order":0,"comment_status":"closed","ping_status":"closed","template":"","meta":{"footnotes":""},"class_list":["post-1332","page","type-page","status-publish","hentry"],"_links":{"self":[{"href":"https:\/\/www.testevita.com\/stoeckl\/wp-json\/wp\/v2\/pages\/1332","targetHints":{"allow":["GET"]}}],"collection":[{"href":"https:\/\/www.testevita.com\/stoeckl\/wp-json\/wp\/v2\/pages"}],"about":[{"href":"https:\/\/www.testevita.com\/stoeckl\/wp-json\/wp\/v2\/types\/page"}],"author":[{"embeddable":true,"href":"https:\/\/www.testevita.com\/stoeckl\/wp-json\/wp\/v2\/users\/1"}],"replies":[{"embeddable":true,"href":"https:\/\/www.testevita.com\/stoeckl\/wp-json\/wp\/v2\/comments?post=1332"}],"version-history":[{"count":3,"href":"https:\/\/www.testevita.com\/stoeckl\/wp-json\/wp\/v2\/pages\/1332\/revisions"}],"predecessor-version":[{"id":29586,"href":"https:\/\/www.testevita.com\/stoeckl\/wp-json\/wp\/v2\/pages\/1332\/revisions\/29586"}],"wp:attachment":[{"href":"https:\/\/www.testevita.com\/stoeckl\/wp-json\/wp\/v2\/media?parent=1332"}],"curies":[{"name":"wp","href":"https:\/\/api.w.org\/{rel}","templated":true}]}}