{"id":3,"date":"2022-05-12T07:12:57","date_gmt":"2022-05-12T05:12:57","guid":{"rendered":"https:\/\/www.testevita.com\/stoeckl\/datenschutzerklaerung\/"},"modified":"2022-05-12T07:12:57","modified_gmt":"2022-05-12T05:12:57","slug":"datenschutzerklaerung","status":"publish","type":"page","link":"https:\/\/www.testevita.com\/stoeckl\/datenschutzerklaerung\/","title":{"rendered":"Datenschutzerkl\u00e4rung"},"content":{"rendered":"\t\t<div data-elementor-type=\"wp-page\" data-elementor-id=\"3\" class=\"elementor elementor-3\" data-elementor-post-type=\"page\">\n\t\t\t\t\t\t<section class=\"elementor-section elementor-top-section elementor-element elementor-element-9a6db4e elementor-section-boxed elementor-section-height-default elementor-section-height-default sc_fly_static\" data-id=\"9a6db4e\" data-element_type=\"section\" data-settings=\"{&quot;background_background&quot;:&quot;classic&quot;}\">\n\t\t\t\t\t\t<div class=\"elementor-container elementor-column-gap-extended\">\n\t\t\t\t\t<div class=\"elementor-column elementor-col-100 elementor-top-column elementor-element elementor-element-08b3296 sc_inner_width_none sc_content_align_inherit sc_layouts_column_icons_position_left sc_fly_static\" data-id=\"08b3296\" data-element_type=\"column\">\n\t\t\t<div class=\"elementor-widget-wrap elementor-element-populated\">\n\t\t\t\t\t\t<div class=\"elementor-element elementor-element-917d67f sc_fly_static elementor-widget elementor-widget-heading\" data-id=\"917d67f\" data-element_type=\"widget\" data-settings=\"{&quot;ekit_we_effect_on&quot;:&quot;none&quot;}\" data-widget_type=\"heading.default\">\n\t\t\t\t<div class=\"elementor-widget-container\">\n\t\t\t\t\t<h2 class=\"elementor-heading-title elementor-size-default\">Datenschutzerkl\u00e4rung\n<\/h2>\t\t\t\t<\/div>\n\t\t\t\t<\/div>\n\t\t\t\t<div class=\"elementor-element elementor-element-fbd230d sc_fly_static elementor-widget elementor-widget-text-editor\" data-id=\"fbd230d\" data-element_type=\"widget\" data-settings=\"{&quot;ekit_we_effect_on&quot;:&quot;none&quot;}\" data-widget_type=\"text-editor.default\">\n\t\t\t\t<div class=\"elementor-widget-container\">\n\t\t\t\t\t\t\t\t\t<p>Der Schutz Ihrer pers\u00f6nlichen Daten ist uns ein besonderes Anliegen. Wir verarbeiten Ihre Daten daher ausschlie\u00dflich auf Grundlage der gesetzlichen Bestimmungen (DSGVO, TKG 2003). In diesen Datenschutzinformationen informieren wir Sie \u00fcber die wichtigsten Aspekte der Datenverarbeitung im Rahmen unserer Website.<\/p>\n<p>Weitere Informationen entnehmen Sie bitte unserem&nbsp;<span style=\"color: #ff0000;\"><a style=\"color: #ff0000;\" href=\"https:\/\/www.eae.at\/uploads\/01_Datenverarbeitungsverzeichnis\/Datenverarbeitungsverzeichnis.pdf\" target=\"_blank\" rel=\"noreferrer noopener\">Datenverarbeitungsverzeichnis<\/a>.<\/span><\/p>\n<h2>Auftraggeber \/ Verantwortlicher der Datenverarbeitung<\/h2>\n<p>Firmenname: EAE St\u00f6ckl GesmbH<\/p>\n<p>Adresse: Griesauweg 30, A-6020 Innsbruck<\/p>\n<p>Tel: +43 512 33550 \u2013 0<\/p>\n<p>Fax: +43 512 33550 \u2013 20<\/p>\n<p>E-Mail: office@eae.at<\/p>\n<p>Datenschutzkoordinator: Christian Schopper&nbsp;<\/p>\n<p>Firmennummer: 303586a<\/p>\n<h2>Grunds\u00e4tzliches zur Datenverarbeitung<\/h2>\n<p>Diese Datenschutzerkl\u00e4rung kl\u00e4rt Sie \u00fcber die Art und den Umfang sowie den Zweck der Verarbeitung von personenbezogenen Daten innerhalb unseres Onlineangebotes und der mit ihm verbundenen Webseiten, Funktionen und Inhalten auf. Diese Erkl\u00e4rung gilt unabh\u00e4ngig von den verwendeten Domains, Systemen, Plattformen und Ger\u00e4ten (z.B. Desktop oder Mobile) auf denen das Onlineangebot ausgef\u00fchrt wird.<\/p>\n<p>Zu den verarbeiteten personenbezogenen Daten der Nutzer geh\u00f6ren Bestandsdaten (z.B., Namen und Adressen von Kunden), evtl. Vertragsdaten (z.B., in Anspruch genommene Leistungen, Namen von Sachbearbeitern, Zahlungsinformationen), Nutzungsdaten (z.B., die besuchten Webseiten unseres Onlineangebotes, Interesse an unseren Produkten) und Inhaltsdaten (z.B., Eingaben im Kontaktformular). Wir verarbeiten personenbezogene Daten der Nutzer (hierzu geh\u00f6ren alle Kategorien von der Datenverarbeitung betroffener Personen) nur unter Einhaltung der einschl\u00e4gigen Datenschutzbestimmungen. D.h. wir verarbeiten personenbezogene Daten nur unter Einhaltung einer gesetzlichen Erlaubnis: diese liegt begr\u00fcndet, insbesondere wenn die Datenverarbeitung zur Erbringung unserer vertraglichen Leistungen, sowie Online-Services erforderlich, bzw. gesetzlich vorgeschrieben ist, eine Einwilligung der Nutzer vorliegt, als auch aufgrund unserer berechtigten Interessen (d.h. Interesse an der Analyse, Optimierung und wirtschaftlichem Betrieb und Sicherheit unseres Onlineangebotes im Sinne des Art. 6 Abs. 1 lit. f. DSGVO).<\/p>\n<h2>Organisatorische und technische Sicherheitsma\u00dfnahmen<\/h2>\n<p>Wir treffen organisatorische, vertragliche und technische Sicherheitsma\u00dfnahmen entsprechend dem Stand der Technik, um sicherzustellen, dass die Vorschriften der Datenschutzgesetze eingehalten werden und um damit die durch uns verarbeiteten Daten gegen zuf\u00e4llige oder vors\u00e4tzliche Manipulationen, Verlust, Zerst\u00f6rung oder gegen den Zugriff unberechtigter Personen zu sch\u00fctzen.<\/p>\n<h2>Datenverarbeitung bei Kontaktaufnahme<\/h2>\n<p>Wenn Sie per Formular auf der Website oder per E-Mail Kontakt mit uns aufnehmen, werden Ihre angegebenen Daten zwecks Bearbeitung der Anfrage und f\u00fcr den Fall von Anschlussfragen bei uns gespeichert. Diese Daten geben wir nicht ohne Ihre Einwilligung weiter.<\/p>\n<h2>Erhebung von grundlegenden Zugriffsdaten<\/h2>\n<p>Auf Grundlage unserer berechtigten Interessen im Sinne des Art. 6 Abs. 1 lit. f. DSGVO &nbsp;erheben wir Daten \u00fcber jeden Zugriff auf den Server, auf dem sich dieser Dienst befindet. Zu den Zugriffsdaten geh\u00f6ren Name der abgerufenen Webseite, Datum und Uhrzeit des Abrufs, Browsertyp und -version, das Betriebssystem des Nutzers, Referrer URL (die zuvor besuchte Seite), Hostname des Rechners des Users (IP-Adresse). Logfile-Informationen werden aus Sicherheitsgr\u00fcnden (z.B. zur Aufkl\u00e4rung von Missbrauchs- oder Betrugshandlungen) f\u00fcr die Dauer von maximal 14 Tagen gespeichert und danach gel\u00f6scht. Daten, deren weitere Aufbewahrung zu Beweiszwecken erforderlich ist, sind bis zur endg\u00fcltigen Kl\u00e4rung des jeweiligen Vorfalls von der L\u00f6schung ausgenommen.<\/p>\n<h2>Cookies<\/h2>\n<p>Cookies sind Informationen, die von unserem Webserver oder von Webservern Dritter an die Web-Browser der Nutzer \u00fcbertragen und dort f\u00fcr einen sp\u00e4teren Abruf gespeichert werden. Sie dienen zur Bereitstellung von grundlegenden Funktionen der Webseite, zur Verbesserung der Benutzererfahrung sowie zur Markierung der User f\u00fcr bestimmte weitere Zwecke. Genauere Informationen zur Verwendung von Cookies finden Sie auf unserer Seite zu den&nbsp;<span style=\"color: #ff0000;\"><a style=\"color: #ff0000;\" href=\"https:\/\/www.eae.at\/footer\/cookie-information\/\">Cookie Informationen<\/a>.<\/span><\/p>\n<h2>Datenverarbeitung in Bezug auf Webanalyse<\/h2>\n<p>Unsere Website verwendet Funktionen des Webanalysedienstes Google Analytics, einen Webanalysedienst der Google Inc, (1600 Amphitheatre Parkway Mountain View, CA 94043, USA). Die Datenverarbeitung erfolgt auf Basis der gesetzlichen Bestimmungen des \u00a7 96 Abs 3 TKG sowie des Art 6 Abs 1 lit a (Einwilligung) und\/oder f (berechtigtes Interesse) der DSGVO. Da uns die Privatsph\u00e4re unserer Nutzer wichtig ist, werden die Nutzerdaten pseudonymisiert.<\/p>\n<p>Google Analytics verwendet sog. \u201eCookies\u201c, Textdateien, die auf Ihrem Computer gespeichert werden und die eine Analyse der Benutzung der Webseite durch Sie erm\u00f6glichen. Die dadurch erzeugten Informationen werden von Google in den USA \u00fcbertragen und dort gespeichert. Sie k\u00f6nnen dies verhindern, indem Sie Ihren Browser so einrichten, dass keine Cookies gespeichert werden bzw. den daf\u00fcr vorgesehenen Cookie-Regler setzen. Wir haben mit dem Anbieter einen entsprechenden Vertrag zur Auftragsdatenverarbeitung abgeschlossen.<\/p>\n<p>Ihre IP-Adresse wird erfasst, aber umgehend pseudonymisiert. Dadurch ist nur mehr eine grobe Lokalisierung m\u00f6glich. Ihre IP-Adresse wird von Google innerhalbr Europ\u00e4ischen Union oder in einem anderen Vertragsstaat des Abkommens \u00fcber den Europ\u00e4ischen Wirtschaftsraum gek\u00fcrzt und dadurch anonymisiert. Dabei werden die letzten 8 bit einer IPv4-Adresse auf 0 gesetzt, bei einer IPv6-Adresse die letzten 80 der 128 bits. Die Nutzerdaten werden f\u00fcr die Dauer von 14 Monaten aufbewahrt.<\/p>\n<p>Google benutzt diese Informationen, um die Nutzung unserer Seite auszuwerten, um Reports \u00fcber die Website-Aktivit\u00e4ten f\u00fcr uns zusammenzustellen und um weitere mit der Websitenutzung und der Internetnutzung verbundene Dienstleistungen zu erbringen. Auch wird Google diese Informationen gegebenenfalls an Dritte \u00fcbertragen, sofern dies gesetzlich vorgeschrieben oder soweit Dritte diese Daten im Auftrag von Google verarbeiten. Google wird, nach eigenen Angaben, in keinem Fall Ihre IP-Adresse mit anderen Daten von Google in Verbindung bringen. Unter folgendem Link finden Sie die aktuelle Datenschutzerkl\u00e4rung von Google:&nbsp;<span style=\"color: #ff0000;\"><a style=\"color: #ff0000;\" href=\"https:\/\/www.google.com\/intl\/de\/policies\/privacy\/\" target=\"_blank\" rel=\"noreferrer noopener\">https:\/\/www.google.com\/intl\/de\/policies\/privacy\/<\/a><\/span><\/p>\n<h2>Einbindung von Diensten und Inhalten Dritter<\/h2>\n<p>Innerhalb unseres Onlineangebotes setzen wir auf Grundlage unserer berechtigten Interessen an der Analyse, Optimierung und wirtschaftlichem Betrieb unseres Onlineangebotes im Sinne des Art. 6 Abs. 1 lit. f. DSGVO Inhalts- oder Serviceangebote von Drittanbietern ein, um deren Inhalte und Services, wie z.B. Videos oder Schriftarten einzubinden (nachfolgend einheitlich bezeichnet als \u201cInhalte\u201d). Voraussetzung dabei ist, dass die Drittanbieter dieser Inhalte, die IP-Adresse der Nutzer wahrnehmen, da sie ohne die IP-Adresse die Inhalte nicht an deren Browser senden k\u00f6nnten. F\u00fcr die Darstellung dieser Inhalte ist daher die IP-Adresse erforderlich. Wir bem\u00fchen uns nur solche Dienste zu verwenden, deren jeweilige Anbieter die IP-Adresse lediglich zur Auslieferung der Inhalte verwenden. Ferner k\u00f6nnen diese Drittanbieter so genannte Pixel-Tags f\u00fcr statistische oder Marketingzwecke verwenden. Durch die \u201ePixel-Tags\u201c k\u00f6nnen Informationen, wie der Besucherverkehr auf den Seiten dieser Website ausgewertet werden. Die anynomisierten Informationen k\u00f6nnen ferner in Cookies auf dem Ger\u00e4t der Nutzer gespeichert werden. In diesen Daten k\u00f6nnen unter anderem technische Informationen zum Browser und Betriebssystem, verweisende Webseiten, Besuchszeit sowie weitere Angaben zur Nutzung unseres Onlineangebotes enthalten sein.<\/p>\n<p>In der nachfolgenden Aufz\u00e4hlung finden Sie eine \u00dcbersicht von Drittanbietern sowie ihrer Inhalte und Links zu deren Datenschutzerkl\u00e4rungen. Dort finden Sie weitere Hinweise zur Verarbeitung von Daten und, z.T. M\u00f6glichkeiten zum Widerspruch (sog. Opt-Out):<\/p>\n<h3>Google Maps<\/h3>\n<p>Landkarten des Dienstes \u201eGoogle Maps\u201c des Drittanbieters Google Inc., 1600 Amphitheatre Parkway, Mountain View, CA 94043, USA, zur Darstellung diverser Standorte und Anfahrtspl\u00e4ne. Die Nutzungsbedingungen f\u00fcr Google Maps finden Sie hier:<br><span style=\"color: #ff0000;\"><a style=\"color: #ff0000;\" href=\"https:\/\/www.google.com\/intl\/de_de\/help\/terms_maps.html\" target=\"_blank\" rel=\"noreferrer noopener\">https:\/\/www.google.com\/intl\/de_de\/help\/terms_maps.html<\/a><\/span>&nbsp;Datenschutzerkl\u00e4rung:&nbsp;<span style=\"color: #ff0000;\"><a style=\"color: #ff0000;\" href=\"https:\/\/www.google.com\/policies\/privacy\/\" target=\"_blank\" rel=\"noreferrer noopener\">www.google.com\/policies\/privacy\/<\/a><\/span>, Opt-Out:&nbsp;<span style=\"color: #ff0000;\"><a style=\"color: #ff0000;\" href=\"https:\/\/www.google.com\/settings\/ads\/\" target=\"_blank\" rel=\"noreferrer noopener\">www.google.com\/settings\/ads\/<\/a><\/span>.<\/p>\n<h3>Facebook \u2013 Social Plugin<\/h3>\n<p>Auf unseren Seiten sind Plugins des sozialen Netzwerks Facebook, 1601 South California Avenue, Palo Alto, CA 94304, USA integriert. Die Facebook-Plugins erkennen Sie an dem Facebook-Logo oder dem \u201eLike-Button\u201c (\u201eGef\u00e4llt mir\u201c) auf unserer Seite. Eine \u00dcbersicht \u00fcber die Facebook-Plugins finden Sie hier:&nbsp;<span style=\"color: #ff0000;\"><a style=\"color: #ff0000;\" href=\"https:\/\/developers.facebook.com\/docs\/plugins\/\" target=\"_blank\" rel=\"noreferrer noopener\">https:\/\/developers.facebook.com\/docs\/plugins\/<\/a>.<\/span><\/p>\n<p>Wenn Sie unsere Seiten besuchen, wird \u00fcber das Plugin eine direkte Verbindung zwischen Ihrem Browser und dem Facebook-Server hergestellt. Facebook erh\u00e4lt dadurch die Information, dass Sie mit Ihrer IP-Adresse unsere Seite besucht haben. Wenn Sie den Facebook \u201eLike-Button\u201c anklicken w\u00e4hrend Sie in Ihrem Facebook-Account eingeloggt sind, k\u00f6nnen Sie die Inhalte unserer Seiten auf Ihrem Facebook-Profil verlinken. Dadurch kann Facebook den Besuch unserer Seiten Ihrem Benutzerkonto zuordnen. Wir weisen darauf hin, dass wir als Anbieter der Seiten keine Kenntnis vom Inhalt der \u00fcbermittelten Daten sowie deren Nutzung durch Facebook erhalten. Weitere Informationen hierzu finden Sie in der Datenschutzerkl\u00e4rung von Facebook unter<span style=\"color: #ff0000;\">&nbsp;<a style=\"color: #ff0000;\" href=\"https:\/\/www.facebook.com\/policy.php\" target=\"_blank\" rel=\"noreferrer noopener\">https:\/\/www.facebook.com\/policy.php<\/a>&nbsp;<\/span>Wenn Sie nicht w\u00fcnschen, dass Facebook den Besuch unserer Seiten Ihrem Facebook- Nutzerkonto zuordnen kann, loggen Sie sich bitte aus Ihrem Facebook-Benutzerkonto aus<\/p>\n<h2>Ihre Rechte<\/h2>\n<p>Ihnen stehen grunds\u00e4tzlich die Rechte auf Auskunft, Berichtigung, L\u00f6schung, Einschr\u00e4nkung, Daten\u00fcbertragbarkeit, Widerruf und Widerspruch zu. Hierf\u00fcr k\u00f6nnen Sie uns per Brief, Fax oder E-Mail kontaktieren.<\/p>\n<p>Wenn Sie glauben, dass die Verarbeitung Ihrer Daten gegen das Datenschutzrecht verst\u00f6\u00dft oder Ihre datenschutzrechtlichen Anspr\u00fcche sonst in einer Weise verletzt worden sind, k\u00f6nnen Sie sich bei der Aufsichtsbeh\u00f6rde beschweren. In \u00d6sterreich ist dies die Datenschutzbeh\u00f6rde.<\/p>\n<h2>\u00c4nderungen der Datenschutzerkl\u00e4rung<\/h2>\n<p>Wir behalten uns vor, die Datenschutzerkl\u00e4rung zu \u00e4ndern, um sie an ge\u00e4nderte Rechtslagen, oder bei \u00c4nderungen des Dienstes sowie der Datenverarbeitung anzupassen. Dies gilt jedoch nur im Hinblick auf Erkl\u00e4rungen zur Datenverarbeitung. Sofern Einwilligungen der Nutzer erforderlich sind oder Bestandteile der Datenschutzerkl\u00e4rung Regelungen des Vertragsverh\u00e4ltnisses mit den Nutzern enthalten, erfolgen die \u00c4nderungen nur mit Zustimmung der Nutzer.<\/p>\t\t\t\t\t\t\t\t<\/div>\n\t\t\t\t<\/div>\n\t\t\t\t\t<\/div>\n\t\t<\/div>\n\t\t\t\t\t<\/div>\n\t\t<\/section>\n\t\t\t\t<\/div>\n\t\t","protected":false},"excerpt":{"rendered":"<p>Datenschutzerkl\u00e4rung Der Schutz Ihrer pers\u00f6nlichen Daten ist uns ein besonderes Anliegen. Wir verarbeiten Ihre Daten daher ausschlie\u00dflich auf Grundlage der gesetzlichen Bestimmungen (DSGVO, TKG 2003). In diesen Datenschutzinformationen informieren wir&hellip;<\/p>\n","protected":false},"author":1,"featured_media":0,"parent":0,"menu_order":0,"comment_status":"closed","ping_status":"open","template":"","meta":{"footnotes":""},"class_list":["post-3","page","type-page","status-publish","hentry"],"_links":{"self":[{"href":"https:\/\/www.testevita.com\/stoeckl\/wp-json\/wp\/v2\/pages\/3","targetHints":{"allow":["GET"]}}],"collection":[{"href":"https:\/\/www.testevita.com\/stoeckl\/wp-json\/wp\/v2\/pages"}],"about":[{"href":"https:\/\/www.testevita.com\/stoeckl\/wp-json\/wp\/v2\/types\/page"}],"author":[{"embeddable":true,"href":"https:\/\/www.testevita.com\/stoeckl\/wp-json\/wp\/v2\/users\/1"}],"replies":[{"embeddable":true,"href":"https:\/\/www.testevita.com\/stoeckl\/wp-json\/wp\/v2\/comments?post=3"}],"version-history":[{"count":0,"href":"https:\/\/www.testevita.com\/stoeckl\/wp-json\/wp\/v2\/pages\/3\/revisions"}],"wp:attachment":[{"href":"https:\/\/www.testevita.com\/stoeckl\/wp-json\/wp\/v2\/media?parent=3"}],"curies":[{"name":"wp","href":"https:\/\/api.w.org\/{rel}","templated":true}]}}